{"id":846,"date":"2023-05-27T10:02:00","date_gmt":"2023-05-27T08:02:00","guid":{"rendered":"https:\/\/shtax.pl\/?page_id=846"},"modified":"2023-05-29T12:57:36","modified_gmt":"2023-05-29T10:57:36","slug":"blog","status":"publish","type":"page","link":"https:\/\/shtax.pl\/index.php\/blog\/","title":{"rendered":"Blog"},"content":{"rendered":"\t\t<div data-elementor-type=\"wp-page\" data-elementor-id=\"846\" class=\"elementor elementor-846\">\n\t\t\t\t\t\t\t\t\t<section class=\"elementor-section elementor-top-section elementor-element elementor-element-3f9652fc elementor-section-boxed elementor-section-height-default elementor-section-height-default\" data-id=\"3f9652fc\" data-element_type=\"section\" data-settings=\"{&quot;background_background&quot;:&quot;classic&quot;}\">\n\t\t\t\t\t\t\t<div class=\"elementor-background-overlay\"><\/div>\n\t\t\t\t\t\t\t<div class=\"elementor-container elementor-column-gap-default\">\n\t\t\t\t\t<div class=\"elementor-column elementor-col-100 elementor-top-column elementor-element elementor-element-189e30be\" data-id=\"189e30be\" data-element_type=\"column\">\n\t\t\t<div class=\"elementor-widget-wrap elementor-element-populated\">\n\t\t\t\t\t\t\t\t<div class=\"elementor-element elementor-element-71937cef elementor-widget elementor-widget-heading\" data-id=\"71937cef\" data-element_type=\"widget\" data-widget_type=\"heading.default\">\n\t\t\t\t<div class=\"elementor-widget-container\">\n\t\t\t<h2 class=\"elementor-heading-title elementor-size-default\">Nasz blog<\/h2>\t\t<\/div>\n\t\t\t\t<\/div>\n\t\t\t\t<div class=\"elementor-element elementor-element-8009944 elementor-icon-list--layout-inline elementor-align-center elementor-list-item-link-full_width elementor-widget elementor-widget-icon-list\" data-id=\"8009944\" data-element_type=\"widget\" data-widget_type=\"icon-list.default\">\n\t\t\t\t<div class=\"elementor-widget-container\">\n\t\t\t\t\t<ul class=\"elementor-icon-list-items elementor-inline-items\">\n\t\t\t\t\t\t\t<li class=\"elementor-icon-list-item elementor-inline-item\">\n\t\t\t\t\t\t\t\t\t\t<span class=\"elementor-icon-list-text\">Home<\/span>\n\t\t\t\t\t\t\t\t\t<\/li>\n\t\t\t\t\t\t\t\t<li class=\"elementor-icon-list-item elementor-inline-item\">\n\t\t\t\t\t\t\t\t\t\t\t<span class=\"elementor-icon-list-icon\">\n\t\t\t\t\t\t\t<i aria-hidden=\"true\" class=\"fas fa-chevron-right\"><\/i>\t\t\t\t\t\t<\/span>\n\t\t\t\t\t\t\t\t\t\t<span class=\"elementor-icon-list-text\">Blog<\/span>\n\t\t\t\t\t\t\t\t\t<\/li>\n\t\t\t\t\t\t<\/ul>\n\t\t\t\t<\/div>\n\t\t\t\t<\/div>\n\t\t\t\t\t<\/div>\n\t\t<\/div>\n\t\t\t\t\t\t\t<\/div>\n\t\t<\/section>\n\t\t\t\t<section class=\"elementor-section elementor-top-section elementor-element elementor-element-5f5ac331 elementor-section-boxed elementor-section-height-default elementor-section-height-default\" data-id=\"5f5ac331\" data-element_type=\"section\" data-settings=\"{&quot;background_background&quot;:&quot;classic&quot;}\">\n\t\t\t\t\t\t<div class=\"elementor-container elementor-column-gap-default\">\n\t\t\t\t\t<div class=\"elementor-column elementor-col-50 elementor-top-column elementor-element elementor-element-7ef7c387\" data-id=\"7ef7c387\" data-element_type=\"column\">\n\t\t\t<div class=\"elementor-widget-wrap elementor-element-populated\">\n\t\t\t\t\t\t\t\t<div class=\"elementor-element elementor-element-df92654 elementor-widget elementor-widget-jkit_post_block\" data-id=\"df92654\" data-element_type=\"widget\" data-widget_type=\"jkit_post_block.default\">\n\t\t\t\t<div class=\"elementor-widget-container\">\n\t\t\t<div  class=\"jeg-elementor-kit jkit-postblock postblock-type-2 jkit-pagination-nextprev post-element jeg_module___69e8d995765c2\"  data-id=\"jeg_module___69e8d995765c2\" data-settings=\"{&quot;post_type&quot;:&quot;post&quot;,&quot;number_post&quot;:{&quot;unit&quot;:&quot;px&quot;,&quot;size&quot;:3,&quot;sizes&quot;:[]},&quot;post_offset&quot;:0,&quot;unique_content&quot;:&quot;disable&quot;,&quot;include_post&quot;:&quot;&quot;,&quot;exclude_post&quot;:&quot;&quot;,&quot;include_category&quot;:&quot;&quot;,&quot;exclude_category&quot;:&quot;&quot;,&quot;include_author&quot;:&quot;&quot;,&quot;include_tag&quot;:&quot;&quot;,&quot;exclude_tag&quot;:&quot;&quot;,&quot;sort_by&quot;:&quot;latest&quot;,&quot;pagination_mode&quot;:&quot;nextprev&quot;,&quot;pagination_loadmore_text&quot;:&quot;Load More&quot;,&quot;pagination_loading_text&quot;:&quot;Loading...&quot;,&quot;pagination_number_post&quot;:{&quot;unit&quot;:&quot;px&quot;,&quot;size&quot;:3,&quot;sizes&quot;:[]},&quot;pagination_scroll_limit&quot;:0,&quot;pagination_icon&quot;:{&quot;value&quot;:&quot;&quot;,&quot;library&quot;:&quot;&quot;},&quot;pagination_icon_position&quot;:&quot;before&quot;,&quot;st_category_position&quot;:&quot;center&quot;,&quot;sg_content_postblock_type&quot;:&quot;type-2&quot;,&quot;sg_content_element_order&quot;:&quot;title,meta,excerpt,read&quot;,&quot;sg_content_breakpoint&quot;:&quot;tablet&quot;,&quot;sg_content_title_html_tag&quot;:&quot;h3&quot;,&quot;sg_content_category_enable&quot;:&quot;&quot;,&quot;sg_content_excerpt_enable&quot;:&quot;yes&quot;,&quot;sg_content_excerpt_length&quot;:{&quot;unit&quot;:&quot;px&quot;,&quot;size&quot;:30,&quot;sizes&quot;:[]},&quot;sg_content_excerpt_more&quot;:&quot;...&quot;,&quot;sg_content_readmore_enable&quot;:&quot;yes&quot;,&quot;sg_content_readmore_icon&quot;:{&quot;value&quot;:&quot;fas fa-arrow-right&quot;,&quot;library&quot;:&quot;fa-solid&quot;},&quot;sg_content_readmore_icon_position&quot;:&quot;after&quot;,&quot;sg_content_readmore_text&quot;:&quot;Zobacz wi\\u0119cej&quot;,&quot;sg_content_comment_enable&quot;:&quot;yes&quot;,&quot;sg_content_comment_icon&quot;:{&quot;value&quot;:&quot;fas fa-comment&quot;,&quot;library&quot;:&quot;fa-solid&quot;},&quot;sg_content_comment_icon_position&quot;:&quot;before&quot;,&quot;sg_content_meta_enable&quot;:&quot;yes&quot;,&quot;sg_content_meta_author_enable&quot;:&quot;&quot;,&quot;sg_content_meta_author_by_text&quot;:&quot;by&quot;,&quot;sg_content_meta_author_icon&quot;:{&quot;value&quot;:&quot;fas fa-user&quot;,&quot;library&quot;:&quot;fa-solid&quot;},&quot;sg_content_meta_author_icon_position&quot;:&quot;before&quot;,&quot;sg_content_meta_date_enable&quot;:&quot;yes&quot;,&quot;sg_content_meta_date_type&quot;:&quot;published&quot;,&quot;sg_content_meta_date_format&quot;:&quot;default&quot;,&quot;sg_content_meta_date_format_custom&quot;:&quot;j F Y&quot;,&quot;sg_content_meta_date_icon&quot;:{&quot;value&quot;:&quot;fas fa-clock&quot;,&quot;library&quot;:&quot;fa-solid&quot;},&quot;sg_content_meta_date_icon_position&quot;:&quot;before&quot;,&quot;sg_content_image_size_imagesize_size&quot;:&quot;medium_large&quot;,&quot;paged&quot;:1,&quot;class&quot;:&quot;jkit_post_block&quot;}\"><div class=\"jkit-block-container\"><div class=\"jkit-posts jkit-ajax-flag\">\n            <article class=\"jkit-post post-1307 post type-post status-publish format-standard has-post-thumbnail hentry category-bez-kategorii\">\n                    <div class=\"jkit-thumb\"><a href=\"https:\/\/shtax.pl\/index.php\/2025\/12\/12\/sprawdz-swoje-rozrachunki-na-koniec-roku-razem-z-pragma-adwokaci-i-sh-tax\/\"><div class=\"thumbnail-container \">\n            <img fetchpriority=\"high\" decoding=\"async\" width=\"640\" height=\"427\" src=\"https:\/\/shtax.pl\/wp-content\/uploads\/2023\/05\/partner-meeting-of-business-team-colleagues-consultation-and-discussion-marketing-plan-meeting-768x512.jpg\" class=\"attachment-medium_large size-medium_large wp-post-image\" alt=\"\" srcset=\"https:\/\/shtax.pl\/wp-content\/uploads\/2023\/05\/partner-meeting-of-business-team-colleagues-consultation-and-discussion-marketing-plan-meeting-768x512.jpg 768w, https:\/\/shtax.pl\/wp-content\/uploads\/2023\/05\/partner-meeting-of-business-team-colleagues-consultation-and-discussion-marketing-plan-meeting-300x200.jpg 300w, https:\/\/shtax.pl\/wp-content\/uploads\/2023\/05\/partner-meeting-of-business-team-colleagues-consultation-and-discussion-marketing-plan-meeting-1024x682.jpg 1024w, https:\/\/shtax.pl\/wp-content\/uploads\/2023\/05\/partner-meeting-of-business-team-colleagues-consultation-and-discussion-marketing-plan-meeting-1536x1024.jpg 1536w, https:\/\/shtax.pl\/wp-content\/uploads\/2023\/05\/partner-meeting-of-business-team-colleagues-consultation-and-discussion-marketing-plan-meeting.jpg 2000w\" sizes=\"(max-width: 640px) 100vw, 640px\" \/>\n        <\/div><\/a><\/div>\n                    <div class=\"jkit-postblock-content\"><h3 class=\"jkit-post-title\">\n\t\t\t\t\t\t\t<a href=\"https:\/\/shtax.pl\/index.php\/2025\/12\/12\/sprawdz-swoje-rozrachunki-na-koniec-roku-razem-z-pragma-adwokaci-i-sh-tax\/\">Koniec roku? Czyli deadline, o kt\u00f3rym cz\u0119sto zapominamy<\/a>\n\t\t\t\t\t\t<\/h3><div class=\"jkit-post-meta\"><div class=\"jkit-meta-date icon-position-before\"><i aria-hidden=\"true\" class=\"fas fa-clock\"><\/i>12 grudnia 2025<\/div><\/div><div class=\"jkit-post-excerpt\"><p>Koniec roku? Czyli deadline, o kt\u00f3rym cz\u0119sto zapominamy.&nbsp; Koniec roku to nie tylko czas podsumowa\u0144, ale r\u00f3wnie\u017c ostatni moment, aby zabezpieczy\u0107 swoje nale\u017cno\u015bci przed przedawnieniem. W praktyce oznacza to realn\u0105...<\/p><\/div><div class=\"jkit-post-meta-bottom\">\n\t\t\t\t\t\t\t<div class=\"jkit-meta-readmore icon-position-after\">\n                <a href=\"https:\/\/shtax.pl\/index.php\/2025\/12\/12\/sprawdz-swoje-rozrachunki-na-koniec-roku-razem-z-pragma-adwokaci-i-sh-tax\/\" class=\"jkit-readmore\">Zobacz wi\u0119cej<i aria-hidden=\"true\" class=\"fas fa-arrow-right\"><\/i><\/a>\n            <\/div><div class=\"jkit-meta-comment icon-position-before\">\n                <a href=\"https:\/\/shtax.pl\/index.php\/2025\/12\/12\/sprawdz-swoje-rozrachunki-na-koniec-roku-razem-z-pragma-adwokaci-i-sh-tax\/#respond\" >\n                    <i aria-hidden=\"true\" class=\"fas fa-comment\"><\/i><span>0<\/span>\n                <\/a>\n            <\/div>\n\t\t\t\t\t\t<\/div><\/div>\n                <\/article><article class=\"jkit-post post-1214 post type-post status-publish format-standard has-post-thumbnail hentry category-bez-kategorii\">\n                    <div class=\"jkit-thumb\"><a href=\"https:\/\/shtax.pl\/index.php\/2025\/09\/15\/sh-tax-w-dzienniku-gazecie-prawnej-o-nowym-standardzie-ksiegowosci-online\/\"><div class=\"thumbnail-container \">\n            <img decoding=\"async\" width=\"640\" height=\"480\" src=\"https:\/\/shtax.pl\/wp-content\/uploads\/2025\/09\/dziennik-gazeta-prawna-logo-768x576.jpeg\" class=\"attachment-medium_large size-medium_large wp-post-image\" alt=\"\" srcset=\"https:\/\/shtax.pl\/wp-content\/uploads\/2025\/09\/dziennik-gazeta-prawna-logo-768x576.jpeg 768w, https:\/\/shtax.pl\/wp-content\/uploads\/2025\/09\/dziennik-gazeta-prawna-logo-300x225.jpeg 300w, https:\/\/shtax.pl\/wp-content\/uploads\/2025\/09\/dziennik-gazeta-prawna-logo.jpeg 800w\" sizes=\"(max-width: 640px) 100vw, 640px\" \/>\n        <\/div><\/a><\/div>\n                    <div class=\"jkit-postblock-content\"><h3 class=\"jkit-post-title\">\n\t\t\t\t\t\t\t<a href=\"https:\/\/shtax.pl\/index.php\/2025\/09\/15\/sh-tax-w-dzienniku-gazecie-prawnej-o-nowym-standardzie-ksiegowosci-online\/\">SH TAX w Dzienniku Gazety Prawnej \u2013 o nowym standardzie ksi\u0119gowo\u015bci online<\/a>\n\t\t\t\t\t\t<\/h3><div class=\"jkit-post-meta\"><div class=\"jkit-meta-date icon-position-before\"><i aria-hidden=\"true\" class=\"fas fa-clock\"><\/i>15 wrze\u015bnia 2025<\/div><\/div><div class=\"jkit-post-excerpt\"><p>Zach\u0119camy do zapoznania si\u0119 z opublikowanym na \u0142amach Dziennika Gazety Prawnej wywiadem z Prezesem SH TAX Sp. z o.o. - Krzysztofem B\u0142ania. W artykule poruszono m.in. kwestie: &#x1f538;&nbsp;dlaczego stawiamy na...<\/p><\/div><div class=\"jkit-post-meta-bottom\">\n\t\t\t\t\t\t\t<div class=\"jkit-meta-readmore icon-position-after\">\n                <a href=\"https:\/\/shtax.pl\/index.php\/2025\/09\/15\/sh-tax-w-dzienniku-gazecie-prawnej-o-nowym-standardzie-ksiegowosci-online\/\" class=\"jkit-readmore\">Zobacz wi\u0119cej<i aria-hidden=\"true\" class=\"fas fa-arrow-right\"><\/i><\/a>\n            <\/div><div class=\"jkit-meta-comment icon-position-before\">\n                <a href=\"https:\/\/shtax.pl\/index.php\/2025\/09\/15\/sh-tax-w-dzienniku-gazecie-prawnej-o-nowym-standardzie-ksiegowosci-online\/#respond\" >\n                    <i aria-hidden=\"true\" class=\"fas fa-comment\"><\/i><span>0<\/span>\n                <\/a>\n            <\/div>\n\t\t\t\t\t\t<\/div><\/div>\n                <\/article><article class=\"jkit-post post-1169 post type-post status-publish format-standard has-post-thumbnail hentry category-bez-kategorii\">\n                    <div class=\"jkit-thumb\"><a href=\"https:\/\/shtax.pl\/index.php\/2025\/09\/09\/sh-tax-razem-z-pragma-adwokaci-na-vii-miedzynarodowym-forum-gospodarczym\/\"><div class=\"thumbnail-container \">\n            <img decoding=\"async\" width=\"600\" height=\"400\" src=\"https:\/\/shtax.pl\/wp-content\/uploads\/2025\/09\/Projekt-bez-nazwy.png\" class=\"attachment-medium_large size-medium_large wp-post-image\" alt=\"\" srcset=\"https:\/\/shtax.pl\/wp-content\/uploads\/2025\/09\/Projekt-bez-nazwy.png 600w, https:\/\/shtax.pl\/wp-content\/uploads\/2025\/09\/Projekt-bez-nazwy-300x200.png 300w\" sizes=\"(max-width: 600px) 100vw, 600px\" \/>\n        <\/div><\/a><\/div>\n                    <div class=\"jkit-postblock-content\"><h3 class=\"jkit-post-title\">\n\t\t\t\t\t\t\t<a href=\"https:\/\/shtax.pl\/index.php\/2025\/09\/09\/sh-tax-razem-z-pragma-adwokaci-na-vii-miedzynarodowym-forum-gospodarczym\/\">SH TAX razem z Pragma Adwokaci na VII Mi\u0119dzynarodowym Forum Gospodarczym<\/a>\n\t\t\t\t\t\t<\/h3><div class=\"jkit-post-meta\"><div class=\"jkit-meta-date icon-position-before\"><i aria-hidden=\"true\" class=\"fas fa-clock\"><\/i>9 wrze\u015bnia 2025<\/div><\/div><div class=\"jkit-post-excerpt\"><p>Z przyjemno\u015bci\u0105 informujemy, \u017ce w dniach 10 i 11 wrze\u015bnia 2025 roku Sp\u00f3\u0142ka SH TAX uczestniczy\u0142a w VII Mi\u0119dzynarodowym Forum Gospodarczym - wydarzeniu, kt\u00f3re gromadzi co roku polskich oraz zagranicznych...<\/p><\/div><div class=\"jkit-post-meta-bottom\">\n\t\t\t\t\t\t\t<div class=\"jkit-meta-readmore icon-position-after\">\n                <a href=\"https:\/\/shtax.pl\/index.php\/2025\/09\/09\/sh-tax-razem-z-pragma-adwokaci-na-vii-miedzynarodowym-forum-gospodarczym\/\" class=\"jkit-readmore\">Zobacz wi\u0119cej<i aria-hidden=\"true\" class=\"fas fa-arrow-right\"><\/i><\/a>\n            <\/div><div class=\"jkit-meta-comment icon-position-before\">\n                <a href=\"https:\/\/shtax.pl\/index.php\/2025\/09\/09\/sh-tax-razem-z-pragma-adwokaci-na-vii-miedzynarodowym-forum-gospodarczym\/#respond\" >\n                    <i aria-hidden=\"true\" class=\"fas fa-comment\"><\/i><span>0<\/span>\n                <\/a>\n            <\/div>\n\t\t\t\t\t\t<\/div><\/div>\n                <\/article>\n        <\/div><div class=\"jkit-preloader-overlay\">\n\t\t\t\t\t<div class=\"jkit-preloader-type jkit-preloader-dot\">\n\t\t\t\t\t\t<div class=\"jkit-preloader\">\n\t\t\t\t\t\t\t<span><\/span><span><\/span><span><\/span>\n\t\t\t\t\t\t<\/div>\n\t\t\t\t\t<\/div>\n\t\t\t\t<\/div><\/div><div class=\"jkit-block-pagination jkit-align\"><div class=\"jkit-pagination-button jkit-block-nextprev jkit-nextprev-edge\">\n\t\t\t\t\t\t<a href=\"#\" class=\"prev disabled\" title=\"Previous\"><i aria-hidden=\"true\" class=\"jki jki-angle-left-solid\"><\/i><\/a>\n\t\t\t\t\t\t<a href=\"#\" class=\"next \" title=\"Next\"><i aria-hidden=\"true\" class=\"jki jki-angle-right-solid\"><\/i><\/a>\n\t\t\t\t\t<\/div><\/div><\/div>\t\t<\/div>\n\t\t\t\t<\/div>\n\t\t\t\t\t<\/div>\n\t\t<\/div>\n\t\t\t\t<div class=\"elementor-column elementor-col-50 elementor-top-column elementor-element elementor-element-7db4079c\" data-id=\"7db4079c\" data-element_type=\"column\" data-settings=\"{&quot;background_background&quot;:&quot;classic&quot;}\">\n\t\t\t<div class=\"elementor-widget-wrap elementor-element-populated\">\n\t\t\t\t\t\t\t\t<section class=\"elementor-section elementor-inner-section elementor-element elementor-element-4bdf4018 elementor-section-boxed elementor-section-height-default elementor-section-height-default\" data-id=\"4bdf4018\" data-element_type=\"section\">\n\t\t\t\t\t\t<div class=\"elementor-container elementor-column-gap-no\">\n\t\t\t\t\t<div class=\"elementor-column elementor-col-100 elementor-inner-column elementor-element elementor-element-2402afce\" data-id=\"2402afce\" data-element_type=\"column\" data-settings=\"{&quot;background_background&quot;:&quot;classic&quot;}\">\n\t\t\t<div class=\"elementor-widget-wrap elementor-element-populated\">\n\t\t\t\t\t\t\t\t<div class=\"elementor-element elementor-element-2818ef4e elementor-widget elementor-widget-heading\" data-id=\"2818ef4e\" data-element_type=\"widget\" data-widget_type=\"heading.default\">\n\t\t\t\t<div class=\"elementor-widget-container\">\n\t\t\t<h3 class=\"elementor-heading-title elementor-size-default\">Ostatnie wpisy<\/h3>\t\t<\/div>\n\t\t\t\t<\/div>\n\t\t\t\t\t<\/div>\n\t\t<\/div>\n\t\t\t\t\t\t\t<\/div>\n\t\t<\/section>\n\t\t\t\t<div class=\"elementor-element elementor-element-31f7d85 elementor-widget elementor-widget-jkit_post_list\" data-id=\"31f7d85\" data-element_type=\"widget\" data-widget_type=\"jkit_post_list.default\">\n\t\t\t\t<div class=\"elementor-widget-container\">\n\t\t\t<div  class=\"jeg-elementor-kit jkit-postlist layout-vertical post-element jkit-pagination-disable jeg_module__1_69e8d99580269\"  data-id=\"jeg_module__1_69e8d99580269\" data-settings=\"{&quot;post_type&quot;:&quot;post&quot;,&quot;number_post&quot;:{&quot;unit&quot;:&quot;px&quot;,&quot;size&quot;:5,&quot;sizes&quot;:[]},&quot;post_offset&quot;:0,&quot;unique_content&quot;:&quot;disable&quot;,&quot;include_post&quot;:&quot;&quot;,&quot;exclude_post&quot;:&quot;&quot;,&quot;include_category&quot;:&quot;&quot;,&quot;exclude_category&quot;:&quot;&quot;,&quot;include_author&quot;:&quot;&quot;,&quot;include_tag&quot;:&quot;&quot;,&quot;exclude_tag&quot;:&quot;&quot;,&quot;sort_by&quot;:&quot;latest&quot;,&quot;pagination_mode&quot;:&quot;disable&quot;,&quot;pagination_loadmore_text&quot;:&quot;Load More&quot;,&quot;pagination_loading_text&quot;:&quot;Loading...&quot;,&quot;pagination_number_post&quot;:{&quot;unit&quot;:&quot;px&quot;,&quot;size&quot;:3,&quot;sizes&quot;:[]},&quot;pagination_scroll_limit&quot;:0,&quot;pagination_icon&quot;:{&quot;value&quot;:&quot;&quot;,&quot;library&quot;:&quot;&quot;},&quot;pagination_icon_position&quot;:&quot;before&quot;,&quot;sg_content_layout&quot;:&quot;vertical&quot;,&quot;sg_content_image_enable&quot;:0,&quot;sg_content_background_image_enable&quot;:0,&quot;sg_content_icon_enable&quot;:&quot;yes&quot;,&quot;sg_content_icon&quot;:{&quot;value&quot;:&quot;fas fa-book&quot;,&quot;library&quot;:&quot;fa-solid&quot;},&quot;sg_content_meta_enable&quot;:0,&quot;sg_content_meta_date_enable&quot;:0,&quot;sg_content_meta_date_type&quot;:&quot;published&quot;,&quot;sg_content_meta_date_format&quot;:&quot;default&quot;,&quot;sg_content_meta_date_format_custom&quot;:&quot;j F Y&quot;,&quot;sg_content_meta_date_icon&quot;:{&quot;value&quot;:&quot;fas fa-clock&quot;,&quot;library&quot;:&quot;fa-solid&quot;},&quot;sg_content_meta_category_enable&quot;:0,&quot;sg_content_meta_category_icon&quot;:{&quot;value&quot;:&quot;fas fa-tag&quot;,&quot;library&quot;:&quot;fa-solid&quot;},&quot;sg_content_meta_position&quot;:&quot;top&quot;,&quot;sg_content_image_size_imagesize_size&quot;:&quot;large&quot;,&quot;paged&quot;:1,&quot;class&quot;:&quot;jkit_post_list&quot;}\"><div class=\"jkit-block-container\"><div class=\"jkit-posts jkit-ajax-flag\">\n            <article class=\"jkit-post post-list-item\">\n                <a href=\"https:\/\/shtax.pl\/index.php\/2025\/12\/12\/sprawdz-swoje-rozrachunki-na-koniec-roku-razem-z-pragma-adwokaci-i-sh-tax\/\" >\n                    <span class=\"icon-list\"><i aria-hidden=\"true\" class=\"fas fa-book\"><\/i><\/span>\n                    <div class=\"jkit-postlist-content\"><span class=\"jkit-postlist-title\">Koniec roku? Czyli deadline, o kt\u00f3rym cz\u0119sto zapominamy<\/span><\/div>\n                <\/a>\n            <\/article><article class=\"jkit-post post-list-item\">\n                <a href=\"https:\/\/shtax.pl\/index.php\/2025\/09\/15\/sh-tax-w-dzienniku-gazecie-prawnej-o-nowym-standardzie-ksiegowosci-online\/\" >\n                    <span class=\"icon-list\"><i aria-hidden=\"true\" class=\"fas fa-book\"><\/i><\/span>\n                    <div class=\"jkit-postlist-content\"><span class=\"jkit-postlist-title\">SH TAX w Dzienniku Gazety Prawnej \u2013 o nowym standardzie ksi\u0119gowo\u015bci online<\/span><\/div>\n                <\/a>\n            <\/article><article class=\"jkit-post post-list-item\">\n                <a href=\"https:\/\/shtax.pl\/index.php\/2025\/09\/09\/sh-tax-razem-z-pragma-adwokaci-na-vii-miedzynarodowym-forum-gospodarczym\/\" >\n                    <span class=\"icon-list\"><i aria-hidden=\"true\" class=\"fas fa-book\"><\/i><\/span>\n                    <div class=\"jkit-postlist-content\"><span class=\"jkit-postlist-title\">SH TAX razem z Pragma Adwokaci na VII Mi\u0119dzynarodowym Forum Gospodarczym<\/span><\/div>\n                <\/a>\n            <\/article><article class=\"jkit-post post-list-item\">\n                <a href=\"https:\/\/shtax.pl\/index.php\/2025\/08\/07\/wspieramy-fundacje-uskrzydlic-marzenia\/\" >\n                    <span class=\"icon-list\"><i aria-hidden=\"true\" class=\"fas fa-book\"><\/i><\/span>\n                    <div class=\"jkit-postlist-content\"><span class=\"jkit-postlist-title\">Wspieramy Fundacj\u0119 Uskrzydli\u0107 Marzenia!<\/span><\/div>\n                <\/a>\n            <\/article><article class=\"jkit-post post-list-item\">\n                <a href=\"https:\/\/shtax.pl\/index.php\/2024\/09\/23\/rozliczanie-ewidencji-ryczaltowej-z-firma-sh-tax-sp-z-o-o\/\" >\n                    <span class=\"icon-list\"><i aria-hidden=\"true\" class=\"fas fa-book\"><\/i><\/span>\n                    <div class=\"jkit-postlist-content\"><span class=\"jkit-postlist-title\">Rozliczanie ewidencji rycza\u0142towej<\/span><\/div>\n                <\/a>\n            <\/article>\n        <\/div><\/div><\/div>\t\t<\/div>\n\t\t\t\t<\/div>\n\t\t\t\t\t<\/div>\n\t\t<\/div>\n\t\t\t\t\t\t\t<\/div>\n\t\t<\/section>\n\t\t\t\t\t\t\t<\/div>\n\t\t","protected":false},"excerpt":{"rendered":"<p>Nasz blog Home Blog edit post Czym jest VAT OSS (One Stop Shop) i jak rozlicza\u0107 sprzeda\u017c B2C do innych kraj\u00f3w Unii Europejskiej? 27 May 2023 Od 1 lipca 2021 roku wesz\u0142y w \u017cycie zmiany podatkowe w ramach tzw. pakietu VAT e-commerce. Dotycz\u0105 one r\u00f3wnie\u017c przedsi\u0119biorc\u00f3w dzia\u0142aj\u0105cych w dropshippingu, kt\u00f3rzy sprzedaj\u0105 swoje towary do innych [&hellip;]<\/p>\n","protected":false},"author":2,"featured_media":0,"parent":0,"menu_order":0,"comment_status":"closed","ping_status":"closed","template":"","meta":{"footnotes":""},"_links":{"self":[{"href":"https:\/\/shtax.pl\/index.php\/wp-json\/wp\/v2\/pages\/846"}],"collection":[{"href":"https:\/\/shtax.pl\/index.php\/wp-json\/wp\/v2\/pages"}],"about":[{"href":"https:\/\/shtax.pl\/index.php\/wp-json\/wp\/v2\/types\/page"}],"author":[{"embeddable":true,"href":"https:\/\/shtax.pl\/index.php\/wp-json\/wp\/v2\/users\/2"}],"replies":[{"embeddable":true,"href":"https:\/\/shtax.pl\/index.php\/wp-json\/wp\/v2\/comments?post=846"}],"version-history":[{"count":13,"href":"https:\/\/shtax.pl\/index.php\/wp-json\/wp\/v2\/pages\/846\/revisions"}],"predecessor-version":[{"id":911,"href":"https:\/\/shtax.pl\/index.php\/wp-json\/wp\/v2\/pages\/846\/revisions\/911"}],"wp:attachment":[{"href":"https:\/\/shtax.pl\/index.php\/wp-json\/wp\/v2\/media?parent=846"}],"curies":[{"name":"wp","href":"https:\/\/api.w.org\/{rel}","templated":true}]}}