{"id":320,"date":"2020-11-30T22:16:40","date_gmt":"2020-11-30T21:16:40","guid":{"rendered":"https:\/\/shtax.pl\/?page_id=320"},"modified":"2025-12-22T16:54:42","modified_gmt":"2025-12-22T15:54:42","slug":"cennik","status":"publish","type":"page","link":"https:\/\/shtax.pl\/index.php\/cennik\/","title":{"rendered":"Cennik"},"content":{"rendered":"\t\t<div data-elementor-type=\"wp-page\" data-elementor-id=\"320\" class=\"elementor elementor-320\">\n\t\t\t\t\t\t\t\t\t<section class=\"elementor-section elementor-top-section elementor-element elementor-element-377a5b1 elementor-section-boxed elementor-section-height-default elementor-section-height-default\" data-id=\"377a5b1\" data-element_type=\"section\">\n\t\t\t\t\t\t<div class=\"elementor-container elementor-column-gap-default\">\n\t\t\t\t\t<div class=\"elementor-column elementor-col-100 elementor-top-column elementor-element elementor-element-71cc175\" data-id=\"71cc175\" data-element_type=\"column\">\n\t\t\t<div class=\"elementor-widget-wrap elementor-element-populated\">\n\t\t\t\t\t\t\t\t<div class=\"elementor-element elementor-element-47c41f44 elementor-widget elementor-widget-heading\" data-id=\"47c41f44\" data-element_type=\"widget\" data-widget_type=\"heading.default\">\n\t\t\t\t<div class=\"elementor-widget-container\">\n\t\t\t<h1 class=\"elementor-heading-title elementor-size-default\">CENNIK<\/h1>\t\t<\/div>\n\t\t\t\t<\/div>\n\t\t\t\t<div class=\"elementor-element elementor-element-4a1cf75d elementor-widget elementor-widget-heading\" data-id=\"4a1cf75d\" data-element_type=\"widget\" data-widget_type=\"heading.default\">\n\t\t\t\t<div class=\"elementor-widget-container\">\n\t\t\t<h4 class=\"elementor-heading-title elementor-size-default\">Dzia\u0142alno\u015b\u0107 gospodarcza e-commerce<\/h4>\t\t<\/div>\n\t\t\t\t<\/div>\n\t\t\t\t<div class=\"elementor-element elementor-element-268205c1 elementor-widget elementor-widget-text-editor\" data-id=\"268205c1\" data-element_type=\"widget\" data-widget_type=\"text-editor.default\">\n\t\t\t\t<div class=\"elementor-widget-container\">\n\t\t\t\t\t\t\t<p><strong>Ksi\u0105\u017cka przychod\u00f3w i rozchod\u00f3w i VAT<\/strong><\/p>\t\t\t\t\t\t<\/div>\n\t\t\t\t<\/div>\n\t\t\t\t<div class=\"elementor-element elementor-element-89ba243 elementor-widget__width-initial elementor-widget elementor-widget-eael-advanced-data-table\" data-id=\"89ba243\" data-element_type=\"widget\" data-widget_type=\"eael-advanced-data-table.default\">\n\t\t\t\t<div class=\"elementor-widget-container\">\n\t\t\t<div class=\"ea-advanced-data-table-wrap\" data-id=\"89ba243\"><div class=\"ea-advanced-data-table-wrap-inner\">\n                <table class=\"ea-advanced-data-table ea-advanced-data-table-static ea-advanced-data-table-89ba243 ea-advanced-data-table-sortable\" data-id=\"89ba243\"><tbody><tr><td><p>Do 50 dokument\u00f3w<\/p><\/td><td><p>345,00 z\u0142<\/p><\/td><\/tr><tr><td>Od 51 do 100 dokument\u00f3w<\/td><td><p>419,00 z\u0142<\/p><\/td><\/tr><tr><td>Od 101 do 150 dokument\u00f3w<\/td><td><p>460,00 z\u0142<\/p><\/td><\/tr><tr><td>Od 151 do 200 dokument\u00f3w<\/td><td><p>523,00 z\u0142<\/p><\/td><\/tr><tr><td>Od 201 do 250 dokument\u00f3w<\/td><td><p>575,00 z\u0142<\/p><\/td><\/tr><tr><td><p>Z\u0142o\u017cenie deklaracji kwartalnej OSS<\/p><\/td><td><p>335,00 z\u0142<\/p><\/td><\/tr><\/tbody><\/table>\n            <\/div><\/div>\t\t<\/div>\n\t\t\t\t<\/div>\n\t\t\t\t<div class=\"elementor-element elementor-element-13067172 elementor-widget elementor-widget-text-editor\" data-id=\"13067172\" data-element_type=\"widget\" data-widget_type=\"text-editor.default\">\n\t\t\t\t<div class=\"elementor-widget-container\">\n\t\t\t\t\t\t\t<ul>\n<li>Powy\u017cej 250 dokument\u00f3w cena wynosi 575,00 z\u0142 netto + 1,36 z\u0142 netto za ka\u017cdy dokument powy\u017cej 250 dokument\u00f3w<\/li>\n<li>W cenie jest prowadzenie rozlicze\u0144 z ZUS dla W\u0142a\u015bciciela, opr\u00f3cz rozliczenia rocznego sk\u0142adki zdrowotnej<\/li>\n<li>Wszystkie podane ceny s\u0105 cenami netto za 1 miesi\u0105c obs\u0142ugi, chyba \u017ce w tabeli powy\u017cej okre\u015blono inaczej<\/li>\n<li>Pomoc w z\u0142o\u017ceniu dokument\u00f3w w CEIDG<\/li>\n<li>Pomoc w wype\u0142nieniu zg\u0142osze\u0144 do ZUS<\/li>\n<li>Pomoc w z\u0142o\u017ceniu zg\u0142oszenia rejestracyjnego do VAT (VAT R )<\/li>\n<li>Pod poj\u0119ciem dokumentu rozumie si\u0119 wszystkie dokumenty kosztowe i sprzeda\u017cowe wpisane w danym miesi\u0105cu do ksi\u0105\u017cki przychod\u00f3w i rozchod\u00f3w lub w przypadku rycza\u0142tu od przychod\u00f3w ewidencjonowanych, wpisane do ewidencji przychod\u00f3w.<\/li>\n<\/ul>\t\t\t\t\t\t<\/div>\n\t\t\t\t<\/div>\n\t\t\t\t\t<\/div>\n\t\t<\/div>\n\t\t\t\t\t\t\t<\/div>\n\t\t<\/section>\n\t\t\t\t<section class=\"elementor-section elementor-top-section elementor-element elementor-element-20d7a5ae elementor-section-boxed elementor-section-height-default elementor-section-height-default\" data-id=\"20d7a5ae\" data-element_type=\"section\" id=\"cennik\">\n\t\t\t\t\t\t<div class=\"elementor-container elementor-column-gap-default\">\n\t\t\t\t\t<div class=\"elementor-column elementor-col-100 elementor-top-column elementor-element elementor-element-7e69dc2d\" data-id=\"7e69dc2d\" data-element_type=\"column\">\n\t\t\t<div class=\"elementor-widget-wrap elementor-element-populated\">\n\t\t\t\t\t\t\t\t<div class=\"elementor-element elementor-element-3a05f05 elementor-widget elementor-widget-text-editor\" data-id=\"3a05f05\" data-element_type=\"widget\" data-widget_type=\"text-editor.default\">\n\t\t\t\t<div class=\"elementor-widget-container\">\n\t\t\t\t\t\t\t<p><strong>Kadry i p\u0142ace dla dzia\u0142alno\u015bci gospodarczej<\/strong><\/p>\t\t\t\t\t\t<\/div>\n\t\t\t\t<\/div>\n\t\t\t\t<div class=\"elementor-element elementor-element-0323e00 elementor-widget__width-initial elementor-widget elementor-widget-eael-advanced-data-table\" data-id=\"0323e00\" data-element_type=\"widget\" data-widget_type=\"eael-advanced-data-table.default\">\n\t\t\t\t<div class=\"elementor-widget-container\">\n\t\t\t<div class=\"ea-advanced-data-table-wrap\" data-id=\"0323e00\"><div class=\"ea-advanced-data-table-wrap-inner\">\n                <table class=\"ea-advanced-data-table ea-advanced-data-table-static ea-advanced-data-table-0323e00 ea-advanced-data-table-sortable\" data-id=\"0323e00\"><tbody><\/tbody><\/table>\n            <\/div><\/div>\t\t<\/div>\n\t\t\t\t<\/div>\n\t\t\t\t<div class=\"elementor-element elementor-element-32b3922 elementor-widget__width-initial elementor-widget elementor-widget-eael-advanced-data-table\" data-id=\"32b3922\" data-element_type=\"widget\" data-widget_type=\"eael-advanced-data-table.default\">\n\t\t\t\t<div class=\"elementor-widget-container\">\n\t\t\t<div class=\"ea-advanced-data-table-wrap\" data-id=\"32b3922\"><div class=\"ea-advanced-data-table-wrap-inner\">\n                <table class=\"ea-advanced-data-table ea-advanced-data-table-static ea-advanced-data-table-32b3922 ea-advanced-data-table-sortable\" data-id=\"32b3922\"><tbody><tr><td><p>Za jedn\u0105 osob\u0119 na umowie cywilnoprawnej<\/p><\/td><td><p>68,00 z\u0142<\/p><\/td><\/tr><tr><td><p>Za jednego pracownika wraz z prowadzeniem teczki osobowej<\/p><\/td><td><p>114,00 z\u0142<\/p><\/td><\/tr><tr><td><p>Wakacje sk\u0142adkowe - wniosek z rozliczeniem ulgi<\/p><\/td><td><p>200,00 z\u0142<\/p><\/td><\/tr><tr><td><p>Wakacje sk\u0142adkowe - rozliczenie ulgi bez wniosku<\/p><\/td><td><p>100,00 z\u0142<\/p><\/td><\/tr><tr><td><p>Rozliczenie roczne sk\u0142adki zdrowotnej<\/p><\/td><td><p>141,00 z\u0142<\/p><\/td><\/tr><\/tbody><\/table>\n            <\/div><\/div>\t\t<\/div>\n\t\t\t\t<\/div>\n\t\t\t\t<div class=\"elementor-element elementor-element-c8a75f6 elementor-widget elementor-widget-text-editor\" data-id=\"c8a75f6\" data-element_type=\"widget\" data-widget_type=\"text-editor.default\">\n\t\t\t\t<div class=\"elementor-widget-container\">\n\t\t\t\t\t\t\t<ul><li>Wszystkie podane ceny s\u0105 cenami netto. Ceny za prowadzenie kadr pracownika i osoby na umowie cywilnoprawnej s\u0105 cenami za 1 miesi\u0105c obs\u0142ugi.<\/li><\/ul>\t\t\t\t\t\t<\/div>\n\t\t\t\t<\/div>\n\t\t\t\t\t<\/div>\n\t\t<\/div>\n\t\t\t\t\t\t\t<\/div>\n\t\t<\/section>\n\t\t\t\t<section class=\"elementor-section elementor-top-section elementor-element elementor-element-993ebb1 elementor-section-boxed elementor-section-height-default elementor-section-height-default\" data-id=\"993ebb1\" data-element_type=\"section\">\n\t\t\t\t\t\t<div class=\"elementor-container elementor-column-gap-default\">\n\t\t\t\t\t<div class=\"elementor-column elementor-col-100 elementor-top-column elementor-element elementor-element-c7bbe5f\" data-id=\"c7bbe5f\" data-element_type=\"column\">\n\t\t\t<div class=\"elementor-widget-wrap elementor-element-populated\">\n\t\t\t\t\t\t\t\t<div class=\"elementor-element elementor-element-47aa783 elementor-widget elementor-widget-text-editor\" data-id=\"47aa783\" data-element_type=\"widget\" data-widget_type=\"text-editor.default\">\n\t\t\t\t<div class=\"elementor-widget-container\">\n\t\t\t\t\t\t\t<p><strong>Cennik us\u0142ug dodatkowych dla dzia\u0142alno\u015bci gospodarczej<\/strong><\/p>\t\t\t\t\t\t<\/div>\n\t\t\t\t<\/div>\n\t\t\t\t<div class=\"elementor-element elementor-element-bfe09e7 elementor-widget__width-initial elementor-widget elementor-widget-eael-advanced-data-table\" data-id=\"bfe09e7\" data-element_type=\"widget\" data-widget_type=\"eael-advanced-data-table.default\">\n\t\t\t\t<div class=\"elementor-widget-container\">\n\t\t\t<div class=\"ea-advanced-data-table-wrap\" data-id=\"bfe09e7\"><div class=\"ea-advanced-data-table-wrap-inner\">\n                <table class=\"ea-advanced-data-table ea-advanced-data-table-static ea-advanced-data-table-bfe09e7 ea-advanced-data-table-sortable\" data-id=\"bfe09e7\"><tbody><tr><td><p>Op\u0142ata za rozliczenie PIT-36, PIT-36-L, PIT-37, PIT-38, PIT-39<\/p><\/td><td><p>od 104,88 z\u0142<\/p><\/td><\/tr><tr><td><p>Cena za przygotowanie deklaracji IFT2R, CIT10Z<\/p><\/td><td><p>109,00 z\u0142<\/p><\/td><\/tr><tr><td><p>Korekta JPK VAT<\/p><\/td><td><p>od 49,00 z\u0142<\/p><\/td><\/tr><tr><td><p>Korekta KPiR<\/p><\/td><td><p>od 49,00 z\u0142<\/p><\/td><\/tr><tr><td><p>Korekta ZUS DRA z winy klienta<\/p><\/td><td><p>od 70,00 z\u0142<\/p><\/td><\/tr><tr><td><p>DRA sporz\u0105dzany i sk\u0142adany za okres nieobj\u0119ty umow\u0105 na us\u0142ugi ksi\u0119gowe<\/p><\/td><td><p>od 70,00 z\u0142<\/p><\/td><\/tr><tr><td><p>ZUS ZCNA (zg\u0142oszenie do ubezpieczenia zdrowotnego cz\u0142onka rodziny<\/p><\/td><td><p>40,00 z\u0142<\/p><\/td><\/tr><tr><td><p>Zarejestrowanie do OSS<\/p><\/td><td><p>199,00 z\u0142<\/p><\/td><\/tr><tr><td><p>Wyrejestrowanie z OSS<\/p><\/td><td><p>199,00 z\u0142<\/p><\/td><\/tr><tr><td><p>Op\u0142ata za udzielenie upowa\u017cnienia do pobierania faktur z KSeF i zamieszczanie za klienta na platformie SaldeoSMART oraz weryfikacja<\/p><\/td><td><p>50,00 z\u0142 za ka\u017cdy rozpocz\u0119ty miesi\u0105c<\/p><\/td><\/tr><tr><td><p>Wpisanie do ewidencji \u015brodka trwa\u0142ego i warto\u015bci niematerialnej i prawnej<\/p><\/td><td><p>25,00 z\u0142<\/p><\/td><\/tr><tr><td><p>Przyj\u0119cie nowego pracownika (pakiet startowy: przygotowanie dokument\u00f3w wymaganych do zatrudnienia)<\/p><\/td><td><p>114,00 z\u0142<\/p><\/td><\/tr><\/tbody><\/table>\n            <\/div><\/div>\t\t<\/div>\n\t\t\t\t<\/div>\n\t\t\t\t<div class=\"elementor-element elementor-element-db0b924 elementor-widget elementor-widget-text-editor\" data-id=\"db0b924\" data-element_type=\"widget\" data-widget_type=\"text-editor.default\">\n\t\t\t\t<div class=\"elementor-widget-container\">\n\t\t\t\t\t\t\t<ul><li>Wszystkie podane ceny s\u0105 cenami netto.<\/li><\/ul>\t\t\t\t\t\t<\/div>\n\t\t\t\t<\/div>\n\t\t\t\t\t<\/div>\n\t\t<\/div>\n\t\t\t\t\t\t\t<\/div>\n\t\t<\/section>\n\t\t\t\t<section class=\"elementor-section elementor-top-section elementor-element elementor-element-69f717a elementor-section-boxed elementor-section-height-default elementor-section-height-default\" data-id=\"69f717a\" data-element_type=\"section\">\n\t\t\t\t\t\t<div class=\"elementor-container elementor-column-gap-default\">\n\t\t\t\t\t<div class=\"elementor-column elementor-col-100 elementor-top-column elementor-element elementor-element-f97b8d0\" data-id=\"f97b8d0\" data-element_type=\"column\">\n\t\t\t<div class=\"elementor-widget-wrap elementor-element-populated\">\n\t\t\t\t\t\t\t\t<div class=\"elementor-element elementor-element-9297a35 elementor-widget elementor-widget-heading\" data-id=\"9297a35\" data-element_type=\"widget\" data-widget_type=\"heading.default\">\n\t\t\t\t<div class=\"elementor-widget-container\">\n\t\t\t<h4 class=\"elementor-heading-title elementor-size-default\">Ksi\u0119gi rachunkowe (sp\u00f3\u0142ki z o.o.)<\/h4>\t\t<\/div>\n\t\t\t\t<\/div>\n\t\t\t\t\t<\/div>\n\t\t<\/div>\n\t\t\t\t\t\t\t<\/div>\n\t\t<\/section>\n\t\t\t\t<section class=\"elementor-section elementor-top-section elementor-element elementor-element-f236752 elementor-section-boxed elementor-section-height-default elementor-section-height-default\" data-id=\"f236752\" data-element_type=\"section\">\n\t\t\t\t\t\t<div class=\"elementor-container elementor-column-gap-default\">\n\t\t\t\t\t<div class=\"elementor-column elementor-col-100 elementor-top-column elementor-element elementor-element-59e6b7f\" data-id=\"59e6b7f\" data-element_type=\"column\">\n\t\t\t<div class=\"elementor-widget-wrap elementor-element-populated\">\n\t\t\t\t\t\t\t\t<div class=\"elementor-element elementor-element-39cd2bd elementor-widget elementor-widget-text-editor\" data-id=\"39cd2bd\" data-element_type=\"widget\" data-widget_type=\"text-editor.default\">\n\t\t\t\t<div class=\"elementor-widget-container\">\n\t\t\t\t\t\t\t<p><strong>Ksi\u0119gi rachunkowe w sp\u00f3\u0142ce z o.o.<\/strong><\/p>\t\t\t\t\t\t<\/div>\n\t\t\t\t<\/div>\n\t\t\t\t\t<\/div>\n\t\t<\/div>\n\t\t\t\t\t\t\t<\/div>\n\t\t<\/section>\n\t\t\t\t<section class=\"elementor-section elementor-top-section elementor-element elementor-element-728ee08 elementor-section-boxed elementor-section-height-default elementor-section-height-default\" data-id=\"728ee08\" data-element_type=\"section\">\n\t\t\t\t\t\t<div class=\"elementor-container elementor-column-gap-default\">\n\t\t\t\t\t<div class=\"elementor-column elementor-col-100 elementor-top-column elementor-element elementor-element-4b74083\" data-id=\"4b74083\" data-element_type=\"column\">\n\t\t\t<div class=\"elementor-widget-wrap elementor-element-populated\">\n\t\t\t\t\t\t\t\t<div class=\"elementor-element elementor-element-720b17b elementor-widget__width-initial elementor-widget elementor-widget-eael-advanced-data-table\" data-id=\"720b17b\" data-element_type=\"widget\" data-widget_type=\"eael-advanced-data-table.default\">\n\t\t\t\t<div class=\"elementor-widget-container\">\n\t\t\t<div class=\"ea-advanced-data-table-wrap\" data-id=\"720b17b\"><div class=\"ea-advanced-data-table-wrap-inner\">\n                <table class=\"ea-advanced-data-table ea-advanced-data-table-static ea-advanced-data-table-720b17b ea-advanced-data-table-sortable\" data-id=\"720b17b\"><tbody><tr><td><p>Do 10 dokument\u00f3w<\/p><\/td><td><p>499,00 z\u0142<\/p><\/td><\/tr><tr><td><p>Od 11 do 30 dokument\u00f3w<\/p><\/td><td><p>749,00 z\u0142<\/p><\/td><\/tr><tr><td><p>Od 31 do 50 dokument\u00f3w<\/p><\/td><td><p>999,00 z\u0142<\/p><\/td><\/tr><tr><td><p>Od 51 do 70 dokument\u00f3w<\/p><\/td><td><p>1239,00 z\u0142<\/p><\/td><\/tr><tr><td><p>Od 71 do 100 dokument\u00f3w<\/p><\/td><td><p>1539,00 z\u0142<\/p><\/td><\/tr><tr><td><p>Od 101 do 150 dokument\u00f3w<\/p><\/td><td><p>1999,00 z\u0142<\/p><\/td><\/tr><tr><td><p>Od 151 do 200 dokument\u00f3w<\/p><\/td><td><p>2399,00 z\u0142<\/p><\/td><\/tr><tr><td><p>Z\u0142o\u017cenie deklaracji kwartalnej OSS<\/p><\/td><td><p>346,00 z\u0142<\/p><\/td><\/tr><\/tbody><\/table>\n            <\/div><\/div>\t\t<\/div>\n\t\t\t\t<\/div>\n\t\t\t\t\t<\/div>\n\t\t<\/div>\n\t\t\t\t\t\t\t<\/div>\n\t\t<\/section>\n\t\t\t\t<section class=\"elementor-section elementor-top-section elementor-element elementor-element-8257f40 elementor-section-boxed elementor-section-height-default elementor-section-height-default\" data-id=\"8257f40\" data-element_type=\"section\">\n\t\t\t\t\t\t<div class=\"elementor-container elementor-column-gap-default\">\n\t\t\t\t\t<div class=\"elementor-column elementor-col-100 elementor-top-column elementor-element elementor-element-01ecff6\" data-id=\"01ecff6\" data-element_type=\"column\">\n\t\t\t<div class=\"elementor-widget-wrap elementor-element-populated\">\n\t\t\t\t\t\t\t\t<div class=\"elementor-element elementor-element-e102847 elementor-widget elementor-widget-text-editor\" data-id=\"e102847\" data-element_type=\"widget\" data-widget_type=\"text-editor.default\">\n\t\t\t\t<div class=\"elementor-widget-container\">\n\t\t\t\t\t\t\t<ul><li>Powy\u017cej 200 dokument\u00f3w ceny ustalane s\u0105 indywidualnie.<\/li><li>Wszystkie podane ceny s\u0105 cenami netto za 1 miesi\u0105c obs\u0142ugi, chyba \u017ce w tabeli powy\u017cej okre\u015blono inaczej.<\/li><li>Pomoc w z\u0142o\u017ceniu zg\u0142oszenia identyfikacyjnego NIP 8<\/li><li>Pomoc w z\u0142o\u017ceniu zg\u0142oszenia rejestracyjnego do VAT (VAT R )<\/li><li>Pod poj\u0119ciem dokumentu rozumie si\u0119 wszystkie dokumenty kosztowe i sprzeda\u017cowe, polecenia ksi\u0119gowania, zakupy \u015brodk\u00f3w trwa\u0142ych i warto\u015bci niematerialnych oraz ka\u017cde rozpocz\u0119te pi\u0119\u0107 pozycji z wyci\u0105gu rachunku bankowego i raportu kasowego wpisane w danym miesi\u0105cu do ksi\u0119gi handlowej.<\/li><\/ul>\t\t\t\t\t\t<\/div>\n\t\t\t\t<\/div>\n\t\t\t\t\t<\/div>\n\t\t<\/div>\n\t\t\t\t\t\t\t<\/div>\n\t\t<\/section>\n\t\t\t\t<section class=\"elementor-section elementor-top-section elementor-element elementor-element-5c612a2 elementor-section-boxed elementor-section-height-default elementor-section-height-default\" data-id=\"5c612a2\" data-element_type=\"section\">\n\t\t\t\t\t\t<div class=\"elementor-container elementor-column-gap-default\">\n\t\t\t\t\t<div class=\"elementor-column elementor-col-100 elementor-top-column elementor-element elementor-element-930c009\" data-id=\"930c009\" data-element_type=\"column\">\n\t\t\t<div class=\"elementor-widget-wrap elementor-element-populated\">\n\t\t\t\t\t\t\t\t<div class=\"elementor-element elementor-element-d91a6a2 elementor-widget elementor-widget-text-editor\" data-id=\"d91a6a2\" data-element_type=\"widget\" data-widget_type=\"text-editor.default\">\n\t\t\t\t<div class=\"elementor-widget-container\">\n\t\t\t\t\t\t\t<p><strong>Kadry i p\u0142ace dla sp\u00f3\u0142ki z o.o<\/strong><\/p>\t\t\t\t\t\t<\/div>\n\t\t\t\t<\/div>\n\t\t\t\t<div class=\"elementor-element elementor-element-3e0fa10 elementor-widget__width-initial elementor-widget elementor-widget-eael-advanced-data-table\" data-id=\"3e0fa10\" data-element_type=\"widget\" data-widget_type=\"eael-advanced-data-table.default\">\n\t\t\t\t<div class=\"elementor-widget-container\">\n\t\t\t<div class=\"ea-advanced-data-table-wrap\" data-id=\"3e0fa10\"><div class=\"ea-advanced-data-table-wrap-inner\">\n                <table class=\"ea-advanced-data-table ea-advanced-data-table-static ea-advanced-data-table-3e0fa10 ea-advanced-data-table-sortable\" data-id=\"3e0fa10\"><tbody><tr><td><p>Za jednego pracownika wraz z prowadzeniem teczki osobowej<\/p><\/td><td><p>Od 114,00 z\u0142<\/p><\/td><\/tr><tr><td><p>Za jedn\u0105 osob\u0119 na umowie zleceniu \/ o dzie\u0142o<\/p><\/td><td><p>Od 68,00 z\u0142<\/p><\/td><\/tr><\/tbody><\/table>\n            <\/div><\/div>\t\t<\/div>\n\t\t\t\t<\/div>\n\t\t\t\t<div class=\"elementor-element elementor-element-8a0a2b4 elementor-widget elementor-widget-text-editor\" data-id=\"8a0a2b4\" data-element_type=\"widget\" data-widget_type=\"text-editor.default\">\n\t\t\t\t<div class=\"elementor-widget-container\">\n\t\t\t\t\t\t\t<ul><li>Wszystkie podane ceny s\u0105 cenami netto. Ceny za prowadzenie kadr pracownika i osoby na umowie cywilnoprawnej s\u0105 cenami za 1 miesi\u0105c obs\u0142ugi.<\/li><\/ul>\t\t\t\t\t\t<\/div>\n\t\t\t\t<\/div>\n\t\t\t\t\t<\/div>\n\t\t<\/div>\n\t\t\t\t\t\t\t<\/div>\n\t\t<\/section>\n\t\t\t\t<section class=\"elementor-section elementor-top-section elementor-element elementor-element-db62d55 elementor-section-boxed elementor-section-height-default elementor-section-height-default\" data-id=\"db62d55\" data-element_type=\"section\">\n\t\t\t\t\t\t<div class=\"elementor-container elementor-column-gap-default\">\n\t\t\t\t\t<div class=\"elementor-column elementor-col-100 elementor-top-column elementor-element elementor-element-f27f0e7\" data-id=\"f27f0e7\" data-element_type=\"column\">\n\t\t\t<div class=\"elementor-widget-wrap elementor-element-populated\">\n\t\t\t\t\t\t\t\t<div class=\"elementor-element elementor-element-621d1c9 elementor-widget elementor-widget-text-editor\" data-id=\"621d1c9\" data-element_type=\"widget\" data-widget_type=\"text-editor.default\">\n\t\t\t\t<div class=\"elementor-widget-container\">\n\t\t\t\t\t\t\t<p><strong>Cennik us\u0142ug dodatkowych dla sp\u00f3\u0142ek z o.o.<\/strong><\/p>\t\t\t\t\t\t<\/div>\n\t\t\t\t<\/div>\n\t\t\t\t<div class=\"elementor-element elementor-element-3d82bd5 elementor-widget__width-initial elementor-widget elementor-widget-eael-advanced-data-table\" data-id=\"3d82bd5\" data-element_type=\"widget\" data-widget_type=\"eael-advanced-data-table.default\">\n\t\t\t\t<div class=\"elementor-widget-container\">\n\t\t\t<div class=\"ea-advanced-data-table-wrap\" data-id=\"3d82bd5\"><div class=\"ea-advanced-data-table-wrap-inner\">\n                <table class=\"ea-advanced-data-table ea-advanced-data-table-static ea-advanced-data-table-3d82bd5 ea-advanced-data-table-sortable\" data-id=\"3d82bd5\"><tbody><tr><td><p>Cena za przygotowanie deklaracji IFT2R, CIT10Z<\/p><\/td><td><p>109,00 z\u0142<\/p><\/td><\/tr><tr><td><p>Korekta zapis\u00f3w w ksi\u0119gach rachunkowych z winy klienta<\/p><\/td><td><p>od 150,00 z\u0142<\/p><\/td><\/tr><tr><td><p>Korekta JPK VAT<\/p><\/td><td><p>od 49,00 z\u0142<\/p><\/td><\/tr><tr><td><p>Korekta ZUS DRA z winy klienta<\/p><\/td><td><p>od 70,00 z\u0142<\/p><\/td><\/tr><tr><td><p>DRA sporz\u0105dzany i sk\u0142adany za okres nieobj\u0119ty umow\u0105 na us\u0142ugi ksi\u0119gowe<\/p><\/td><td><p>od 70,00 z\u0142<\/p><\/td><\/tr><tr><td><p>ZUS ZCNA (zg\u0142oszenie do ubezpieczenia zdrowotnego cz\u0142onka rodziny)<\/p><\/td><td><p>40,00 z\u0142<\/p><\/td><\/tr><tr><td><p>Zarejestrowanie do OSS<\/p><\/td><td><p>199,00 z\u0142<\/p><\/td><\/tr><tr><td><p>Wyrejestrowanie z OSS<\/p><\/td><td><p>199,00 z\u0142<\/p><\/td><\/tr><tr><td><p>Wpisanie do ewidencji \u015brodka trwa\u0142ego i warto\u015bci niematerialnej i prawnej<\/p><\/td><td><p>25,00 z\u0142<\/p><\/td><\/tr><tr><td><p>Przyj\u0119cie nowego pracownika (pakiet startowy: przygotowanie dokument\u00f3w wymaganych do zatrudnienia)<\/p><\/td><td><p>114,00 z\u0142<\/p><\/td><\/tr><\/tbody><\/table>\n            <\/div><\/div>\t\t<\/div>\n\t\t\t\t<\/div>\n\t\t\t\t<div class=\"elementor-element elementor-element-6c03ee6 elementor-widget elementor-widget-text-editor\" data-id=\"6c03ee6\" data-element_type=\"widget\" data-widget_type=\"text-editor.default\">\n\t\t\t\t<div class=\"elementor-widget-container\">\n\t\t\t\t\t\t\t<ul><li>Wszystkie podane ceny s\u0105 cenami netto.<\/li><\/ul>\t\t\t\t\t\t<\/div>\n\t\t\t\t<\/div>\n\t\t\t\t\t<\/div>\n\t\t<\/div>\n\t\t\t\t\t\t\t<\/div>\n\t\t<\/section>\n\t\t\t\t\t\t\t<\/div>\n\t\t","protected":false},"excerpt":{"rendered":"<p>CENNIK Dzia\u0142alno\u015b\u0107 gospodarcza e-commerce Ksi\u0105\u017cka przychod\u00f3w i rozchod\u00f3w i VAT Do 50 dokument\u00f3w 345,00 z\u0142 Od 51 do 100 dokument\u00f3w 419,00 z\u0142 Od 101 do 150 dokument\u00f3w 460,00 z\u0142 Od 151 do 200 dokument\u00f3w 523,00 z\u0142 Od 201 do 250 dokument\u00f3w 575,00 z\u0142 Z\u0142o\u017cenie deklaracji kwartalnej OSS 335,00 z\u0142 Powy\u017cej 250 dokument\u00f3w cena wynosi 575,00 [&hellip;]<\/p>\n","protected":false},"author":1,"featured_media":0,"parent":0,"menu_order":0,"comment_status":"closed","ping_status":"closed","template":"","meta":{"footnotes":""},"_links":{"self":[{"href":"https:\/\/shtax.pl\/index.php\/wp-json\/wp\/v2\/pages\/320"}],"collection":[{"href":"https:\/\/shtax.pl\/index.php\/wp-json\/wp\/v2\/pages"}],"about":[{"href":"https:\/\/shtax.pl\/index.php\/wp-json\/wp\/v2\/types\/page"}],"author":[{"embeddable":true,"href":"https:\/\/shtax.pl\/index.php\/wp-json\/wp\/v2\/users\/1"}],"replies":[{"embeddable":true,"href":"https:\/\/shtax.pl\/index.php\/wp-json\/wp\/v2\/comments?post=320"}],"version-history":[{"count":118,"href":"https:\/\/shtax.pl\/index.php\/wp-json\/wp\/v2\/pages\/320\/revisions"}],"predecessor-version":[{"id":1333,"href":"https:\/\/shtax.pl\/index.php\/wp-json\/wp\/v2\/pages\/320\/revisions\/1333"}],"wp:attachment":[{"href":"https:\/\/shtax.pl\/index.php\/wp-json\/wp\/v2\/media?parent=320"}],"curies":[{"name":"wp","href":"https:\/\/api.w.org\/{rel}","templated":true}]}}