{"id":245,"date":"2020-11-30T13:45:30","date_gmt":"2020-11-30T12:45:30","guid":{"rendered":"https:\/\/shtax.pl\/?page_id=245"},"modified":"2026-01-12T16:00:19","modified_gmt":"2026-01-12T15:00:19","slug":"rodo","status":"publish","type":"page","link":"https:\/\/shtax.pl\/index.php\/rodo\/","title":{"rendered":"RODO"},"content":{"rendered":"\t\t<div data-elementor-type=\"wp-page\" data-elementor-id=\"245\" class=\"elementor elementor-245\">\n\t\t\t\t\t\t\t\t\t<section class=\"elementor-section elementor-top-section elementor-element elementor-element-2022a77 elementor-section-boxed elementor-section-height-default elementor-section-height-default\" data-id=\"2022a77\" data-element_type=\"section\">\n\t\t\t\t\t\t<div class=\"elementor-container elementor-column-gap-default\">\n\t\t\t\t\t<div class=\"elementor-column elementor-col-100 elementor-top-column elementor-element elementor-element-e9027fb\" data-id=\"e9027fb\" data-element_type=\"column\">\n\t\t\t<div class=\"elementor-widget-wrap elementor-element-populated\">\n\t\t\t\t\t\t\t\t<div class=\"elementor-element elementor-element-5e74492 elementor-widget elementor-widget-heading\" data-id=\"5e74492\" data-element_type=\"widget\" data-widget_type=\"heading.default\">\n\t\t\t\t<div class=\"elementor-widget-container\">\n\t\t\t<h2 class=\"elementor-heading-title elementor-size-default\">RODO<\/h2>\t\t<\/div>\n\t\t\t\t<\/div>\n\t\t\t\t<div class=\"elementor-element elementor-element-8a8f1a7 elementor-widget elementor-widget-text-editor\" data-id=\"8a8f1a7\" data-element_type=\"widget\" data-widget_type=\"text-editor.default\">\n\t\t\t\t<div class=\"elementor-widget-container\">\n\t\t\t\t\t\t\t<p><strong>KLAUZULA INFORMACYJNA<\/strong><br \/>Zgodnie z art. 13 ust.1 i ust. 2 Rozporz\u0105dzenia Parlamentu Europejskiego i Rady (UE) 2016\/679<br \/>z 27 kwietnia 2016 roku w sprawie ochrony os\u00f3b fizycznych w zwi\u0105zku z przetwarzaniem danych osobowych i w sprawie swobodnego przep\u0142ywu takich danych oraz uchylenia dyrektywy 95\/46\/WE (og\u00f3lne rozporz\u0105dzenie o ochronie danych) (Dz. U. UE. L. z 2016 r., Nr 119) \u2013 dalej RODO informuj\u0119, \u017ce:<\/p><p>Administratorem Twoich danych osobowych jest SH TAX sp. z o.o. z siedzib\u0105 w Katowicach przy ul. Huculska 2\/1, 40-736 Katowice.<br \/>Mo\u017cesz si\u0119 z nami skontaktowa\u0107 w nast\u0119puj\u0105cy spos\u00f3b:<\/p><ul><li>listownie na adres: 40-736 Katowice ul. Huculska 2\/1,<\/li><li>przez e-mail: rodo@shtax.pl<\/li><\/ul><p>Twoje dane b\u0119d\u0105 przetwarzane w celu:<br \/>a) zwyk\u0142ego przetwarzania w celu realizacji umowy, kt\u00f3rej jeste\u015b stron\u0105, na podstawie art. 6 ust. 1 lit. b) RODO,<br \/>b) w zakresie, w jakim przetwarzanie Twoich danych i korzystanie z nich jest wymagane przepisami prawa, np. w celu zapewnienia zgodno\u015bci z okresami przechowywania dla cel\u00f3w podatkowych lub handlowych, lub w celu wykonania obowi\u0105zk\u00f3w w zakresie identyfikacji kontrahenta i rejestracji transakcji wynikaj\u0105cych z regulacji dotycz\u0105cych prania pieni\u0119dzy, na podstawie art. 6 ust. 1 lit. c) RODO,<br \/>c) dochodzenie roszcze\u0144 lub obrony przed roszczeniami wynikaj\u0105cymi z obowi\u0105zk\u00f3w umownych lub ustawowych na podstawie prawnie uzasadnionego interesu, odpowiednio, podnosz\u0105cego roszczenie lub strony przeciwnej (pozwanego), na podstawie art. 6 ust. 1 lit. f) i ust. 4 RODO,<\/p><p>Dodatkowe lub uzupe\u0142niaj\u0105ce informacje na temat cel\u00f3w przetwarzania Twoich danych osobowych znajduj\u0105 si\u0119 w dokumentacji kontraktowej, formularzach, o\u015bwiadczeniach<br \/>o wyra\u017ceniu zgody lub innych materia\u0142ach przekazywanych przez Ciebie (np. w zwi\u0105zku z korzystaniem z naszej strony internetowej lub w naszych regulaminach).<\/p><p>Prawnie uzasadnionymi interesami realizowanymi przez Administratora danych s\u0105: dochodzenie roszcze\u0144 i obrona przed roszczeniami, opracowywanie i ulepszanie produkt\u00f3w a tak\u017ce \u015bwiadczenie nieodp\u0142atnych us\u0142ug.<\/p><p>W zwi\u0105zku z przetwarzaniem Twoich danych w celach wskazanym w pkt. 2, odbiorc\u0105 Twoich danych osobowych mog\u0105 by\u0107 zewn\u0119trzni dostawcy us\u0142ug (np. podmioty zapewniaj\u0105ce obs\u0142ug\u0119 i wsparcie w zakresie informatyki oraz oprogramowania, obs\u0142ug\u0119 korespondencji, podmioty \u015bwiadcz\u0105ce us\u0142ugi kurierskie, logistyczne), a tak\u017ce biegli rewidenci, doradcy prawni, organy administracji publicznej i s\u0105dy. Posiadasz prawo dost\u0119pu do tre\u015bci swoich danych oraz prawo ich sprostowania, usuni\u0119cia, ograniczenia przetwarzania, prawo do przenoszenia danych, prawo wniesienia sprzeciwu.<\/p><p>Masz prawo wniesienia skargi do organu nadzorczego, je\u017celi Twoje dane s\u0105 przetwarzane niezgodnie z wymogami prawnymi.<br \/>Twoje dane osobowe nie b\u0119d\u0105 przekazywane do Europejskiego Obszaru Gospodarczego \/organizacji mi\u0119dzynarodowej.<br \/>Administrator nie b\u0119dzie stosowa\u0142 wobec Ciebie zautomatyzowanego podejmowania decyzji, w tym profilowania.<br \/>Dane osobowe przechowujemy tylko przez czas niezb\u0119dny do zrealizowania powy\u017cszych cel\u00f3w, tzn. w celu wykonania umowy i egzekwowania roszcze\u0144 lub przeprowadzenia obrony przed roszczeniami wynikaj\u0105cymi z obowi\u0105zk\u00f3w ustawowych lub umownych wobec Ciebie, do ko\u0144ca roku nast\u0119puj\u0105cego po rozpocz\u0119ciu biegu okresu przedawnienia odpowiednich wzajemnych roszcze\u0144, przez taki okres i w takim zakresie, w jakim obowi\u0105zek przechowywania wynika z przepis\u00f3w prawa lub jest niezb\u0119dny do wykonywania obowi\u0105zku sprawowania nadzoru nad produktem, zapewniania jego bezpiecze\u0144stwa i ulepszania go, lub<br \/>w zwi\u0105zku z zaistnia\u0142ym sporem handlowym.<\/p>\t\t\t\t\t\t<\/div>\n\t\t\t\t<\/div>\n\t\t\t\t\t<\/div>\n\t\t<\/div>\n\t\t\t\t\t\t\t<\/div>\n\t\t<\/section>\n\t\t\t\t\t\t\t<\/div>\n\t\t","protected":false},"excerpt":{"rendered":"<p>RODO KLAUZULA INFORMACYJNAZgodnie z art. 13 ust.1 i ust. 2 Rozporz\u0105dzenia Parlamentu Europejskiego i Rady (UE) 2016\/679z 27 kwietnia 2016 roku w sprawie ochrony os\u00f3b fizycznych w zwi\u0105zku z przetwarzaniem danych osobowych i w sprawie swobodnego przep\u0142ywu takich danych oraz uchylenia dyrektywy 95\/46\/WE (og\u00f3lne rozporz\u0105dzenie o ochronie danych) (Dz. U. UE. L. z 2016 r., [&hellip;]<\/p>\n","protected":false},"author":1,"featured_media":0,"parent":0,"menu_order":0,"comment_status":"closed","ping_status":"closed","template":"","meta":{"footnotes":""},"_links":{"self":[{"href":"https:\/\/shtax.pl\/index.php\/wp-json\/wp\/v2\/pages\/245"}],"collection":[{"href":"https:\/\/shtax.pl\/index.php\/wp-json\/wp\/v2\/pages"}],"about":[{"href":"https:\/\/shtax.pl\/index.php\/wp-json\/wp\/v2\/types\/page"}],"author":[{"embeddable":true,"href":"https:\/\/shtax.pl\/index.php\/wp-json\/wp\/v2\/users\/1"}],"replies":[{"embeddable":true,"href":"https:\/\/shtax.pl\/index.php\/wp-json\/wp\/v2\/comments?post=245"}],"version-history":[{"count":8,"href":"https:\/\/shtax.pl\/index.php\/wp-json\/wp\/v2\/pages\/245\/revisions"}],"predecessor-version":[{"id":1337,"href":"https:\/\/shtax.pl\/index.php\/wp-json\/wp\/v2\/pages\/245\/revisions\/1337"}],"wp:attachment":[{"href":"https:\/\/shtax.pl\/index.php\/wp-json\/wp\/v2\/media?parent=245"}],"curies":[{"name":"wp","href":"https:\/\/api.w.org\/{rel}","templated":true}]}}