{"id":1138,"date":"2025-09-08T15:49:53","date_gmt":"2025-09-08T13:49:53","guid":{"rendered":"https:\/\/shtax.pl\/?page_id=1138"},"modified":"2025-09-09T20:12:32","modified_gmt":"2025-09-09T18:12:32","slug":"pragmaadwokaci","status":"publish","type":"page","link":"https:\/\/shtax.pl\/index.php\/pragmaadwokaci\/","title":{"rendered":"Pragma Adwokaci"},"content":{"rendered":"\t\t<div data-elementor-type=\"wp-page\" data-elementor-id=\"1138\" class=\"elementor elementor-1138\">\n\t\t\t\t\t\t\t\t\t<section class=\"elementor-section elementor-top-section elementor-element elementor-element-377a5b1 elementor-section-boxed elementor-section-height-default elementor-section-height-default\" data-id=\"377a5b1\" data-element_type=\"section\">\n\t\t\t\t\t\t<div class=\"elementor-container elementor-column-gap-default\">\n\t\t\t\t\t<div class=\"elementor-column elementor-col-100 elementor-top-column elementor-element elementor-element-71cc175\" data-id=\"71cc175\" data-element_type=\"column\">\n\t\t\t<div class=\"elementor-widget-wrap elementor-element-populated\">\n\t\t\t\t\t\t\t\t<div class=\"elementor-element elementor-element-4a1cf75d elementor-widget elementor-widget-heading\" data-id=\"4a1cf75d\" data-element_type=\"widget\" data-widget_type=\"heading.default\">\n\t\t\t\t<div class=\"elementor-widget-container\">\n\t\t\t<h4 class=\"elementor-heading-title elementor-size-default\"><!--StartFragment--><span data-olk-copy-source=\"MessageBody\">Pragma Adwokaci - Tw\u00f3j partner w biznesie<\/span><!--EndFragment--><\/h4>\t\t<\/div>\n\t\t\t\t<\/div>\n\t\t\t\t\t<\/div>\n\t\t<\/div>\n\t\t\t\t\t\t\t<\/div>\n\t\t<\/section>\n\t\t\t\t<section class=\"elementor-section elementor-top-section elementor-element elementor-element-208570a elementor-section-boxed elementor-section-height-default elementor-section-height-default\" data-id=\"208570a\" data-element_type=\"section\">\n\t\t\t\t\t\t<div class=\"elementor-container elementor-column-gap-default\">\n\t\t\t\t\t<div class=\"elementor-column elementor-col-100 elementor-top-column elementor-element elementor-element-54bf261\" data-id=\"54bf261\" data-element_type=\"column\">\n\t\t\t<div class=\"elementor-widget-wrap elementor-element-populated\">\n\t\t\t\t\t\t\t\t<div class=\"elementor-element elementor-element-4890ea3 elementor-widget elementor-widget-text-editor\" data-id=\"4890ea3\" data-element_type=\"widget\" data-widget_type=\"text-editor.default\">\n\t\t\t\t<div class=\"elementor-widget-container\">\n\t\t\t\t\t\t\t<p class=\"MsoNormal\" style=\"margin-bottom: 0cm;\"><span style=\"font-family: 'Calibri Light', sans-serif; font-size: 16pt;\"><img decoding=\"async\" class=\"size-medium wp-image-1183 aligncenter\" src=\"https:\/\/shtax.pl\/wp-content\/uploads\/2025\/09\/Pragma-Adwokaci-02-format-png-300x70.png\" alt=\"\" width=\"300\" height=\"70\" srcset=\"https:\/\/shtax.pl\/wp-content\/uploads\/2025\/09\/Pragma-Adwokaci-02-format-png-300x70.png 300w, https:\/\/shtax.pl\/wp-content\/uploads\/2025\/09\/Pragma-Adwokaci-02-format-png-1024x240.png 1024w, https:\/\/shtax.pl\/wp-content\/uploads\/2025\/09\/Pragma-Adwokaci-02-format-png-768x180.png 768w, https:\/\/shtax.pl\/wp-content\/uploads\/2025\/09\/Pragma-Adwokaci-02-format-png-1536x360.png 1536w, https:\/\/shtax.pl\/wp-content\/uploads\/2025\/09\/Pragma-Adwokaci-02-format-png-2048x480.png 2048w\" sizes=\"(max-width: 300px) 100vw, 300px\" \/><\/span><\/p><p class=\"MsoNormal\" style=\"margin-bottom: 0cm;\"><span style=\"font-family: 'Calibri Light', sans-serif; font-size: 16pt;\">Za ka\u017cd\u0105 dobrze dzia\u0142aj\u0105c\u0105 firm\u0105 stoi nie tylko pomys\u0142 i zesp\u00f3\u0142, ale tak\u017ce bezpieczne fundamenty prawne.<\/span><\/p><p class=\"MsoNormal\" style=\"margin-bottom: 0cm;\"><span style=\"font-size: 16.0pt; line-height: 107%; font-family: 'Calibri Light',sans-serif;\"><b>Pragma Adwokaci<\/b> to kancelaria, kt\u00f3ra od lat pomaga przedsi\u0119biorcom prowadzi\u0107 dzia\u0142alno\u015b\u0107<br \/>w spos\u00f3b przejrzysty, skuteczny i wolny od zb\u0119dnych komplikacji.<\/span><\/p><p class=\"MsoNormal\" style=\"margin-bottom: 0cm;\"><span style=\"font-size: 16.0pt; line-height: 107%; font-family: 'Calibri Light',sans-serif;\">Nie m\u00f3wimy j\u0119zykiem paragraf\u00f3w &#8211; t\u0142umaczymy prawo tak, aby by\u0142o narz\u0119dziem, a nie przeszkod\u0105. Towarzyszymy klientom zar\u00f3wno w codziennym prowadzeniu biznesu, jak i w momentach prze\u0142omowych: od startu sp\u00f3\u0142ki, przez jej rozw\u00f3j i przekszta\u0142cenia, a\u017c po ewentualne zako\u0144czenie dzia\u0142alno\u015bci.<\/span><\/p><p class=\"MsoNormal\" style=\"margin-bottom: 0cm;\"><span style=\"font-size: 16.0pt; line-height: 107%; font-family: 'Calibri Light',sans-serif;\">Pracujemy nowocze\u015bnie &#8211; wiele spraw za\u0142atwiamy w pe\u0142ni zdalnie, dzi\u0119ki czemu nasi klienci oszcz\u0119dzaj\u0105 czas <br \/>i mog\u0105 skupi\u0107 si\u0119 na tym, co najwa\u017cniejsze: prowadzeniu biznesu.<\/span><\/p><p class=\"MsoNormal\" style=\"margin-bottom: 0cm;\"><b><span style=\"font-size: 16.0pt; line-height: 107%; font-family: 'Calibri Light',sans-serif;\">SH TAX \u00d7 Pragma Adwokaci\u00a0 &#8211; prawo i podatki w jednym miejscu<\/span><\/b><\/p><p class=\"MsoNormal\" style=\"margin-bottom: 0cm;\"><span style=\"font-size: 16.0pt; line-height: 107%; font-family: 'Calibri Light',sans-serif;\">\u015awiat biznesu nie dzieli si\u0119 na prawo i podatki\u00a0 &#8211; to naczynia po\u0142\u0105czone. Dlatego wsp\u00f3lnie z SH TAX stworzyli\u015bmy partnerstwo, kt\u00f3re \u0142\u0105czy prawo, podatki i ksi\u0119gowo\u015b\u0107 w jeden sp\u00f3jny proces.<\/span><\/p><p class=\"MsoNormal\" style=\"margin-bottom: 0cm;\"><b><span style=\"font-size: 16.0pt; line-height: 107%; font-family: 'Calibri Light',sans-serif;\">Co to oznacza dla Ciebie w praktyce?<\/span><\/b><\/p><p class=\"MsoNormal\" style=\"margin-bottom: 0cm;\"><span style=\"font-size: 16.0pt; line-height: 107%; font-family: 'Calibri Light',sans-serif;\">Niezale\u017cnie od tego, czy dopiero zaczynasz dzia\u0142alno\u015b\u0107, czy chcesz uporz\u0105dkowa\u0107 istniej\u0105c\u0105 firm\u0119 \u2013 przeprowadzimy Ci\u0119 przez ka\u017cdy etap.<\/span><\/p><ul style=\"margin-top: 0cm;\" type=\"disc\"><li class=\"MsoNormal\" style=\"margin-bottom: 0cm; mso-list: l0 level1 lfo1; tab-stops: list 36.0pt;\"><b><span style=\"font-size: 16.0pt; line-height: 107%; font-family: 'Calibri Light',sans-serif;\">Zak\u0142adanie nowych sp\u00f3\u0142ek<\/span><\/b><span style=\"font-size: 16.0pt; line-height: 107%; font-family: 'Calibri Light',sans-serif;\"><br \/>Od pomys\u0142u do gotowej sp\u00f3\u0142ki &#8211; ca\u0142y proces mo\u017cesz za\u0142atwi\u0107 zdalnie, a my zadbamy zar\u00f3wno o dokumenty prawne, jak i rozliczenia ksi\u0119gowe. To bezpieczny i szybki spos\u00f3b na rozpocz\u0119cie dzia\u0142alno\u015bci.<\/span><\/li><li class=\"MsoNormal\" style=\"margin-bottom: 0cm; mso-list: l0 level1 lfo1; tab-stops: list 36.0pt;\"><b><span style=\"font-size: 16.0pt; line-height: 107%; font-family: 'Calibri Light',sans-serif;\">Przekszta\u0142cenia jednoosobowych dzia\u0142alno\u015bci w sp\u00f3\u0142ki z o.o.<\/span><\/b><span style=\"font-size: 16.0pt; line-height: 107%; font-family: 'Calibri Light',sans-serif;\"><br \/>Je\u015bli Twoja firma ro\u015bnie, czas na zmian\u0119 formy prawnej. Zapewniamy kompletne wsparcie &#8211; od przygotowania umowy sp\u00f3\u0142ki, po rozliczenia podatkowe i ksi\u0119gowe. Dzi\u0119ki temu unikniesz pu\u0142apek i zyskasz ochron\u0119 prywatnego maj\u0105tku.<\/span><\/li><li class=\"MsoNormal\" style=\"margin-bottom: 0cm; mso-list: l0 level1 lfo1; tab-stops: list 36.0pt;\"><b><span style=\"font-size: 16.0pt; line-height: 107%; font-family: 'Calibri Light',sans-serif;\">Likwidacja sp\u00f3\u0142ek<\/span><\/b><span style=\"font-size: 16.0pt; line-height: 107%; font-family: 'Calibri Light',sans-serif;\"><br \/>Gdy przychodzi moment na zamkni\u0119cie dzia\u0142alno\u015bci, prowadzimy Ci\u0119 przez proces krok po kroku. Dbamy o zgodno\u015b\u0107 z przepisami i pe\u0142n\u0105 przejrzysto\u015b\u0107, tak aby zako\u0144czenie dzia\u0142alno\u015bci by\u0142o uporz\u0105dkowane i bez dodatkowych obci\u0105\u017ce\u0144.<\/span><\/li><li class=\"MsoNormal\" style=\"margin-bottom: 0cm; mso-list: l0 level1 lfo1; tab-stops: list 36.0pt;\"><b><span style=\"font-size: 16.0pt; line-height: 107%; font-family: 'Calibri Light',sans-serif;\">Odsprzeda\u017c sp\u00f3\u0142ek<\/span><\/b><span style=\"font-size: 16.0pt; line-height: 107%; font-family: 'Calibri Light',sans-serif;\"><br \/>Dla tych, kt\u00f3rzy chc\u0105 dzia\u0142a\u0107 od razu, przygotowujemy gotowe struktury sp\u00f3\u0142ek. To rozwi\u0105zanie dla przedsi\u0119biorc\u00f3w, kt\u00f3rzy ceni\u0105 czas i chc\u0105 omin\u0105\u0107 \u017cmudne formalno\u015bci zwi\u0105zane z rejestracj\u0105.<\/span><\/li><\/ul><p class=\"MsoNormal\" style=\"margin-bottom: 0cm;\"><span style=\"font-size: 16.0pt; line-height: 107%; font-family: 'Calibri Light',sans-serif;\">Tworzymy przestrze\u0144, w kt\u00f3rej przedsi\u0119biorca mo\u017ce w pe\u0142ni skoncentrowa\u0107 si\u0119 na rozwoju biznesu a prawo, podatki i ksi\u0119gowo\u015b\u0107 przestaj\u0105 by\u0107 zmartwieniem.<\/span><\/p><p class=\"MsoNormal\" style=\"margin-bottom: 0cm;\"><span style=\"font-size: 16pt; line-height: 107%; font-family: 'Calibri Light', sans-serif;\">Chcesz dowiedzie\u0107 si\u0119 wi\u0119cej o Kancelarii Pragma Adwokaci i naszych us\u0142ugach? Odwied\u017a <\/span><span style=\"font-size: 16pt; line-height: 107%;\"><a href=\"http:\/\/www.pragmaadwokaci.pl\/\"><span style=\"font-family: 'Calibri Light',sans-serif;\">www.pragmaadwokaci.pl<\/span><\/a><\/span><span style=\"font-size: 16pt; line-height: 107%; font-family: 'Calibri Light', sans-serif;\"> i poznaj, jak wspieramy przedsi\u0119biorc\u00f3w w prowadzeniu ich firm.<\/span><\/p><p class=\"MsoNormal\" style=\"margin-bottom: 0cm;\"><span style=\"font-size: 16.0pt; line-height: 107%; font-family: 'Calibri Light',sans-serif;\">\u00a0<\/span><\/p>\t\t\t\t\t\t<\/div>\n\t\t\t\t<\/div>\n\t\t\t\t\t<\/div>\n\t\t<\/div>\n\t\t\t\t\t\t\t<\/div>\n\t\t<\/section>\n\t\t\t\t\t\t\t<\/div>\n\t\t","protected":false},"excerpt":{"rendered":"<p>Pragma Adwokaci &#8211; Tw\u00f3j partner w biznesie Za ka\u017cd\u0105 dobrze dzia\u0142aj\u0105c\u0105 firm\u0105 stoi nie tylko pomys\u0142 i zesp\u00f3\u0142, ale tak\u017ce bezpieczne fundamenty prawne. Pragma Adwokaci to kancelaria, kt\u00f3ra od lat pomaga przedsi\u0119biorcom prowadzi\u0107 dzia\u0142alno\u015b\u0107w spos\u00f3b przejrzysty, skuteczny i wolny od zb\u0119dnych komplikacji. Nie m\u00f3wimy j\u0119zykiem paragraf\u00f3w &#8211; t\u0142umaczymy prawo tak, aby by\u0142o narz\u0119dziem, a nie [&hellip;]<\/p>\n","protected":false},"author":2,"featured_media":1137,"parent":0,"menu_order":0,"comment_status":"closed","ping_status":"closed","template":"","meta":{"footnotes":""},"_links":{"self":[{"href":"https:\/\/shtax.pl\/index.php\/wp-json\/wp\/v2\/pages\/1138"}],"collection":[{"href":"https:\/\/shtax.pl\/index.php\/wp-json\/wp\/v2\/pages"}],"about":[{"href":"https:\/\/shtax.pl\/index.php\/wp-json\/wp\/v2\/types\/page"}],"author":[{"embeddable":true,"href":"https:\/\/shtax.pl\/index.php\/wp-json\/wp\/v2\/users\/2"}],"replies":[{"embeddable":true,"href":"https:\/\/shtax.pl\/index.php\/wp-json\/wp\/v2\/comments?post=1138"}],"version-history":[{"count":32,"href":"https:\/\/shtax.pl\/index.php\/wp-json\/wp\/v2\/pages\/1138\/revisions"}],"predecessor-version":[{"id":1187,"href":"https:\/\/shtax.pl\/index.php\/wp-json\/wp\/v2\/pages\/1138\/revisions\/1187"}],"wp:featuredmedia":[{"embeddable":true,"href":"https:\/\/shtax.pl\/index.php\/wp-json\/wp\/v2\/media\/1137"}],"wp:attachment":[{"href":"https:\/\/shtax.pl\/index.php\/wp-json\/wp\/v2\/media?parent=1138"}],"curies":[{"name":"wp","href":"https:\/\/api.w.org\/{rel}","templated":true}]}}